{"id":949,"date":"2019-04-08T10:20:46","date_gmt":"2019-04-08T10:20:46","guid":{"rendered":"http:\/\/ourisland-azores.com\/settlement-of-disputes\/"},"modified":"2019-06-19T09:45:22","modified_gmt":"2019-06-19T09:45:22","slug":"resolucao-de-litigios","status":"publish","type":"page","link":"https:\/\/ourisland-azores.com\/pt-pt\/resolucao-de-litigios\/","title":{"rendered":"Resolu\u00e7\u00e3o de Lit\u00edgios"},"content":{"rendered":"\r\n<h3 class=\"wp-block-heading\">Aviso ao Consumidor<\/h3>\r\n\r\n\r\n\r\n<h4 class=\"wp-block-heading\">(ao abrigo da Lei n.o 144\/2015, de 8 de setembro)<\/h4>\r\n\r\n\r\n\r\n<p>De acordo com a Lei n\u00ba144\/2015, de 8 de Setembro, indicamos nesta p\u00e1gina a Listagem dos Centros de Arbitragem de Conflitos de Consumo, reconhecidos pela Dire\u00e7\u00e3o-Geral do Consumidor, que poder\u00e1 recorrer em caso de lit\u00edgio com a nossa empresa, recorrente da oferta dos produtos e servi\u00e7os presentes no nosso site.<\/p>\r\n\r\n\r\n\r\n<p>Se ficou insatisfeito e pretender expor a sua situa\u00e7\u00e3o, poder\u00e1 faz\u00ea-lo contactando a Entidade de Resolu\u00e7\u00e3o Alternativa de Lit\u00edgios competente \u00e0 sua \u00e1rea.<\/p>\r\n\r\n\r\n\r\n<h3 class=\"wp-block-heading\">Entidades de Resolu\u00e7\u00e3o Alternativa em caso de Lit\u00edgios<\/h3>\r\n\r\n\r\n\r\n<h4 class=\"wp-block-heading\">CENTROS DE ARBITRAGEM DE COMPET\u00caNCIA GEN\u00c9RICA<\/h4>\r\n\r\n\r\n\r\n<figure class=\"wp-block-image\"><img decoding=\"async\" src=\"https:\/\/www.site.pt\/wp-content\/uploads\/2017\/02\/ec-logo-pt.jpg\" alt=\"\" \/><\/figure>\r\n\r\n\r\n\r\n<p><strong>Entidade \u2013\u00a0<\/strong>Resolu\u00e7\u00e3o de Lit\u00edgios em Linha<br \/><strong>Website \u2013\u00a0<\/strong><a href=\"https:\/\/webgate.ec.europa.eu\/odr\" target=\"_blank\" rel=\"noreferrer noopener\">https:\/\/webgate.ec.europa.eu\/odr<\/a><\/p>\r\n\r\n\r\n\r\n<figure class=\"wp-block-image\"><img decoding=\"async\" src=\"https:\/\/www.site.pt\/wp-content\/uploads\/2017\/02\/CNIACC.png\" alt=\"\" \/><\/figure>\r\n\r\n\r\n\r\n<p><strong>Entidade \u2013\u00a0<\/strong>CNIACC \u2013 Centro Nacional de Informa\u00e7\u00e3o e Arbitragem de Conflitos de Consumo<br \/><strong>Website \u2013\u00a0<\/strong><a href=\"http:\/\/www.arbitragemdeconsumo.org\/\" target=\"_blank\" rel=\"noreferrer noopener\">http:\/\/www.arbitragemdeconsumo.org<\/a><br \/><strong>Email \u2013\u00a0<\/strong><a href=\"mailto:cniacc@unl.pt\" target=\"_blank\" rel=\"noreferrer noopener\">cniacc@unl.pt<\/a><br \/><strong>Morada \u2013\u00a0<\/strong>Faculdade de Direito da Universidade Nova de Lisboa Campus de Campolide 1099-032 Lisboa<br \/><strong>Telefone \u2013\u00a0<\/strong><a href=\"tel:+351213847484\">213 847 484<\/a><\/p>\r\n\r\n\r\n\r\n<figure class=\"wp-block-image\"><img decoding=\"async\" src=\"https:\/\/www.site.pt\/wp-content\/uploads\/2017\/02\/CIMAAL.png\" alt=\"\" \/><\/figure>\r\n\r\n\r\n\r\n<p><strong>Entidade \u2013\u00a0<\/strong>CIMAAL \u2013 Centro de Informa\u00e7\u00e3o, Media\u00e7\u00e3o e Arbitragem de Conflitos de Consumo do Algarve<br \/><strong>Website \u2013\u00a0<\/strong><a href=\"http:\/\/www.consumidoronline.pt\/\" target=\"_blank\" rel=\"noreferrer noopener\">http:\/\/www.consumidoronline.pt\/<\/a><br \/><strong>Email \u2013\u00a0<\/strong><a href=\"mailto:apoio@consumidoronline.pt\" target=\"_blank\" rel=\"noreferrer noopener\">apoio@consumidoronline.pt<\/a><br \/><strong>Morada \u2013\u00a0<\/strong>Edif\u00edcio Ninho de Empresas, Estrada da Penha, 8005-131 Faro<br \/><strong>Telefone \u2013\u00a0<\/strong><a href=\"tel:+351289823135\">289 823 135<\/a><\/p>\r\n\r\n\r\n\r\n<figure class=\"wp-block-image\"><img decoding=\"async\" src=\"https:\/\/www.site.pt\/wp-content\/uploads\/2017\/02\/centro-arbitragem-coimbra.jpg\" alt=\"\" \/><\/figure>\r\n\r\n\r\n\r\n<p><strong>Entidade \u2013\u00a0<\/strong>Centro de Arbitragem de Conflitos de Consumo do Distrito de Coimbra<br \/><strong>Website \u2013\u00a0<\/strong><a href=\"http:\/\/www.centrodearbitragemdecoimbra.com\/\" target=\"_blank\" rel=\"noreferrer noopener\">http:\/\/www.centrodearbitragemdecoimbra.com<\/a><br \/><strong>Email \u2013\u00a0<\/strong><a href=\"mailto:geral@centrodearbitragemdecoimbra.com\" target=\"_blank\" rel=\"noreferrer noopener\">geral@centrodearbitragemdecoimbra.com<\/a><br \/><strong>Morada \u2013\u00a0<\/strong>Av. Fern\u00e3o Magalh\u00e3es, n.o 240, 1o \u2013 3000-172 COIMBRA<br \/><strong>Telefone \u2013\u00a0<\/strong><a href=\"tel:+351239821690\">239 821 690<\/a><\/p>\r\n\r\n\r\n\r\n<figure class=\"wp-block-image\"><img decoding=\"async\" src=\"https:\/\/www.site.pt\/wp-content\/uploads\/2017\/02\/centro-arbitragem-lisboa.jpeg\" alt=\"\" \/><\/figure>\r\n\r\n\r\n\r\n<p><strong>Entidade \u2013\u00a0<\/strong>Centro de Arbitragem de Conflitos de Consumo de Lisboa<br \/><strong>Website \u2013\u00a0<\/strong><a href=\"http:\/\/www.centroarbitragemlisboa.pt\/\" target=\"_blank\" rel=\"noreferrer noopener\">http:\/\/www.centroarbitragemlisboa.pt<\/a><br \/><strong>Email \u2013\u00a0<\/strong><a href=\"mailto:juridico@centroarbitragemlisboa.pt\" target=\"_blank\" rel=\"noreferrer noopener\">juridico@centroarbitragemlisboa.pt<\/a><br \/><strong>Morada \u2013\u00a0<\/strong>Rua dos Douradores, 116, 2o \u2013 1100-207 LISBOA<br \/><strong>Telefone \u2013\u00a0<\/strong><a href=\"tel:+351218807030\">218 807 030<\/a><\/p>\r\n\r\n\r\n\r\n<figure class=\"wp-block-image\"><img decoding=\"async\" src=\"https:\/\/www.site.pt\/wp-content\/uploads\/2017\/02\/CICAP.jpg\" alt=\"\" \/><\/figure>\r\n\r\n\r\n\r\n<p><strong>Entidade \u2013\u00a0<\/strong>Centro de Informa\u00e7\u00e3o de Consumo e Arbitragem do Porto<br \/><strong>Website \u2013\u00a0<\/strong><a href=\"http:\/\/www.cicap.pt\/\" target=\"_blank\" rel=\"noreferrer noopener\">http:\/\/www.cicap.pt<\/a><br \/><strong>Email \u2013\u00a0<\/strong><a href=\"mailto:cniacc@unl.pt\" target=\"_blank\" rel=\"noreferrer noopener\">cicap@mail.telepac.pt<\/a><br \/><strong>Morada \u2013\u00a0<\/strong>Rua Dami\u00e3o de G\u00f3is, 31 \u2013 Loja 6 \u2013 4050-225 Porto<br \/><strong>Telefone \u2013\u00a0<\/strong><a href=\"tel:+351225508349\">225 508 349<\/a><\/p>\r\n\r\n\r\n\r\n<figure class=\"wp-block-image\"><img decoding=\"async\" src=\"https:\/\/www.site.pt\/wp-content\/uploads\/2017\/02\/TRIAVE.png\" alt=\"\" \/><\/figure>\r\n\r\n\r\n\r\n<p><strong>Entidade \u2013\u00a0<\/strong>Centro de Arbitragem de Conflitos de Consumo do Vale do Ave \/ Tribunal Arbitral<br \/><strong>Website \u2013\u00a0<\/strong><a href=\"http:\/\/www.triave.pt\/\" target=\"_blank\" rel=\"noreferrer noopener\">http:\/\/www.triave.pt<\/a><br \/><strong>Email \u2013\u00a0<\/strong><a href=\"mailto:triave@gmail.com\" target=\"_blank\" rel=\"noreferrer noopener\">triave@gmail.com<\/a><br \/><strong>Morada \u2013\u00a0<\/strong>Rua Capit\u00e3o Alfredo Guimar\u00e3es, n.o 1, 4800-019, Guimar\u00e3es.<br \/><strong>Telefone \u2013\u00a0<\/strong><a href=\"tel:+351253422410\">253 422 410<\/a><\/p>\r\n\r\n\r\n\r\n<figure class=\"wp-block-image\"><img decoding=\"async\" src=\"https:\/\/www.site.pt\/wp-content\/uploads\/2017\/02\/CIAB.jpg\" alt=\"\" \/><\/figure>\r\n\r\n\r\n\r\n<p><strong>Entidade<\/strong> \u2013 Centro de Informa\u00e7\u00e3o, Media\u00e7\u00e3o e Arbitragem de Consumo (Tribunal Arbitral de consumo)<br \/><strong>Website \u2013\u00a0<\/strong><a href=\"http:\/\/www.ciab.pt\/\" target=\"_blank\" rel=\"noreferrer noopener\">http:\/\/www.ciab.pt<\/a><br \/><strong>Email \u2013\u00a0<\/strong><a href=\"mailto:geral@ciab.pt\" target=\"_blank\" rel=\"noreferrer noopener\">geral@ciab.pt<\/a><br \/><strong>Morada \u2013\u00a0<\/strong>Rua D Afonso Henriques, no 1 (Ed Junta de Freguesia da S\u00e9) 4700 \u2013 030 BRAGA<br \/><strong>Telefone \u2013\u00a0<\/strong><a href=\"tel:+351253617604\">253 617 604<\/a><\/p>\r\n\r\n\r\n\r\n<figure class=\"wp-block-image\"><img decoding=\"async\" src=\"https:\/\/www.site.pt\/wp-content\/uploads\/2017\/02\/CACC.png\" alt=\"\" \/><\/figure>\r\n\r\n\r\n\r\n<p><strong>Entidade \u2013\u00a0<\/strong>Centro de Arbitragem de Conflitos de Consumo da Madeira<br \/><strong>Website \u2013\u00a0<\/strong><a href=\"http:\/\/www.srrh.gov-madeira.pt\/In%C3%ADcio\/tabid\/292\/Default.aspx\" target=\"_blank\" rel=\"noreferrer noopener\">http:\/\/www.srrh.gov-madeira.pt\/In%C3%ADcio\/tabid\/292\/Default.aspx<\/a><br \/><strong>Email \u2013\u00a0<\/strong><a href=\"mailto:centroarbitragem.sras@gov-madeira.pt\" target=\"_blank\" rel=\"noreferrer noopener\">centroarbitragem.sras@gov-madeira.pt<\/a><br \/><strong>Morada \u2013\u00a0<\/strong>Rua Direita no. 27 \u2013 1o andar \u2013 9050-405 Funchal<br \/><strong>Telefone \u2013\u00a0<\/strong><a href=\"tel:+351291750330\">291 750 330<\/a><\/p>\r\n","protected":false},"excerpt":{"rendered":"<p>Aviso ao Consumidor (ao abrigo da Lei n.o 144\/2015, de 8 de setembro) De acordo com a Lei n\u00ba144\/2015, de [&hellip;]<\/p>\n","protected":false},"author":1,"featured_media":1417,"parent":0,"menu_order":0,"comment_status":"closed","ping_status":"closed","template":"template-textos.php","meta":{"_acf_changed":false,"footnotes":""},"class_list":["post-949","page","type-page","status-publish","has-post-thumbnail","hentry"],"acf":[],"yoast_head":"<!-- This site is optimized with the Yoast SEO plugin v26.8 - https:\/\/yoast.com\/product\/yoast-seo-wordpress\/ -->\n<title>Resolu\u00e7\u00e3o de Lit\u00edgios - Our Island Azores<\/title>\n<meta name=\"description\" content=\"De acordo com a Lei n\u00ba144\/2015, de 8 de Setembro, indicamos nesta p\u00e1gina a Listagem dos Centros de Arbitragem de Conflitos de Consumo\" \/>\n<meta name=\"robots\" content=\"index, follow, max-snippet:-1, max-image-preview:large, max-video-preview:-1\" \/>\n<link rel=\"canonical\" href=\"https:\/\/ourisland-azores.com\/pt-pt\/resolucao-de-litigios\/\" \/>\n<meta property=\"og:locale\" content=\"pt_PT\" \/>\n<meta property=\"og:type\" content=\"article\" \/>\n<meta property=\"og:title\" content=\"Resolu\u00e7\u00e3o de Lit\u00edgios\" \/>\n<meta property=\"og:description\" content=\"De acordo com a Lei n\u00ba144\/2015, de 8 de Setembro, indicamos nesta p\u00e1gina a Listagem dos Centros de Arbitragem de Conflitos de Consumo, reconhecidos pela Dire\u00e7\u00e3o-Geral do Consumidor, que poder\u00e1 recorrer em caso de lit\u00edgio com a nossa empresa, recorrente da oferta dos produtos e servi\u00e7os presentes no nosso site.\" \/>\n<meta property=\"og:url\" content=\"https:\/\/ourisland-azores.com\/pt-pt\/resolucao-de-litigios\/\" \/>\n<meta property=\"og:site_name\" content=\"Our Island Azores\" \/>\n<meta property=\"article:modified_time\" content=\"2019-06-19T09:45:22+00:00\" \/>\n<meta property=\"og:image\" content=\"https:\/\/ourisland-azores.com\/wp-content\/uploads\/2019\/06\/ourisland-azores-facebook.jpg\" \/>\n\t<meta property=\"og:image:width\" content=\"1200\" \/>\n\t<meta property=\"og:image:height\" content=\"630\" \/>\n\t<meta property=\"og:image:type\" content=\"image\/jpeg\" \/>\n<meta name=\"twitter:card\" content=\"summary_large_image\" \/>\n<meta name=\"twitter:label1\" content=\"Tempo estimado de leitura\" \/>\n\t<meta name=\"twitter:data1\" content=\"2 minutos\" \/>\n<script type=\"application\/ld+json\" class=\"yoast-schema-graph\">{\"@context\":\"https:\/\/schema.org\",\"@graph\":[{\"@type\":\"WebPage\",\"@id\":\"https:\/\/ourisland-azores.com\/pt-pt\/resolucao-de-litigios\/\",\"url\":\"https:\/\/ourisland-azores.com\/pt-pt\/resolucao-de-litigios\/\",\"name\":\"Resolu\u00e7\u00e3o de Lit\u00edgios - Our Island Azores\",\"isPartOf\":{\"@id\":\"https:\/\/ourisland-azores.com\/#website\"},\"primaryImageOfPage\":{\"@id\":\"https:\/\/ourisland-azores.com\/pt-pt\/resolucao-de-litigios\/#primaryimage\"},\"image\":{\"@id\":\"https:\/\/ourisland-azores.com\/pt-pt\/resolucao-de-litigios\/#primaryimage\"},\"thumbnailUrl\":\"https:\/\/ourisland-azores.com\/wp-content\/uploads\/2019\/05\/FAQ.jpg\",\"datePublished\":\"2019-04-08T10:20:46+00:00\",\"dateModified\":\"2019-06-19T09:45:22+00:00\",\"description\":\"De acordo com a Lei n\u00ba144\/2015, de 8 de Setembro, indicamos nesta p\u00e1gina a Listagem dos Centros de Arbitragem de Conflitos de Consumo\",\"breadcrumb\":{\"@id\":\"https:\/\/ourisland-azores.com\/pt-pt\/resolucao-de-litigios\/#breadcrumb\"},\"inLanguage\":\"pt-PT\",\"potentialAction\":[{\"@type\":\"ReadAction\",\"target\":[\"https:\/\/ourisland-azores.com\/pt-pt\/resolucao-de-litigios\/\"]}]},{\"@type\":\"ImageObject\",\"inLanguage\":\"pt-PT\",\"@id\":\"https:\/\/ourisland-azores.com\/pt-pt\/resolucao-de-litigios\/#primaryimage\",\"url\":\"https:\/\/ourisland-azores.com\/wp-content\/uploads\/2019\/05\/FAQ.jpg\",\"contentUrl\":\"https:\/\/ourisland-azores.com\/wp-content\/uploads\/2019\/05\/FAQ.jpg\",\"width\":1685,\"height\":790,\"caption\":\"pico mountain\"},{\"@type\":\"BreadcrumbList\",\"@id\":\"https:\/\/ourisland-azores.com\/pt-pt\/resolucao-de-litigios\/#breadcrumb\",\"itemListElement\":[{\"@type\":\"ListItem\",\"position\":1,\"name\":\"In\u00edcio\",\"item\":\"https:\/\/ourisland-azores.com\/pt-pt\/\"},{\"@type\":\"ListItem\",\"position\":2,\"name\":\"Resolu\u00e7\u00e3o de Lit\u00edgios\"}]},{\"@type\":\"WebSite\",\"@id\":\"https:\/\/ourisland-azores.com\/#website\",\"url\":\"https:\/\/ourisland-azores.com\/\",\"name\":\"Our Island Azores\",\"description\":\"\",\"publisher\":{\"@id\":\"https:\/\/ourisland-azores.com\/#organization\"},\"potentialAction\":[{\"@type\":\"SearchAction\",\"target\":{\"@type\":\"EntryPoint\",\"urlTemplate\":\"https:\/\/ourisland-azores.com\/?s={search_term_string}\"},\"query-input\":{\"@type\":\"PropertyValueSpecification\",\"valueRequired\":true,\"valueName\":\"search_term_string\"}}],\"inLanguage\":\"pt-PT\"},{\"@type\":\"Organization\",\"@id\":\"https:\/\/ourisland-azores.com\/#organization\",\"name\":\"Our Island Azores\",\"url\":\"https:\/\/ourisland-azores.com\/\",\"logo\":{\"@type\":\"ImageObject\",\"inLanguage\":\"pt-PT\",\"@id\":\"https:\/\/ourisland-azores.com\/#\/schema\/logo\/image\/\",\"url\":\"https:\/\/ourisland-azores.com\/wp-content\/uploads\/2019\/05\/our-island-logo-horizontal.svg\",\"contentUrl\":\"https:\/\/ourisland-azores.com\/wp-content\/uploads\/2019\/05\/our-island-logo-horizontal.svg\",\"caption\":\"Our Island Azores\"},\"image\":{\"@id\":\"https:\/\/ourisland-azores.com\/#\/schema\/logo\/image\/\"}}]}<\/script>\n<!-- \/ Yoast SEO plugin. -->","yoast_head_json":{"title":"Resolu\u00e7\u00e3o de Lit\u00edgios - Our Island Azores","description":"De acordo com a Lei n\u00ba144\/2015, de 8 de Setembro, indicamos nesta p\u00e1gina a Listagem dos Centros de Arbitragem de Conflitos de Consumo","robots":{"index":"index","follow":"follow","max-snippet":"max-snippet:-1","max-image-preview":"max-image-preview:large","max-video-preview":"max-video-preview:-1"},"canonical":"https:\/\/ourisland-azores.com\/pt-pt\/resolucao-de-litigios\/","og_locale":"pt_PT","og_type":"article","og_title":"Resolu\u00e7\u00e3o de Lit\u00edgios","og_description":"De acordo com a Lei n\u00ba144\/2015, de 8 de Setembro, indicamos nesta p\u00e1gina a Listagem dos Centros de Arbitragem de Conflitos de Consumo, reconhecidos pela Dire\u00e7\u00e3o-Geral do Consumidor, que poder\u00e1 recorrer em caso de lit\u00edgio com a nossa empresa, recorrente da oferta dos produtos e servi\u00e7os presentes no nosso site.","og_url":"https:\/\/ourisland-azores.com\/pt-pt\/resolucao-de-litigios\/","og_site_name":"Our Island Azores","article_modified_time":"2019-06-19T09:45:22+00:00","og_image":[{"width":1200,"height":630,"url":"https:\/\/ourisland-azores.com\/wp-content\/uploads\/2019\/06\/ourisland-azores-facebook.jpg","type":"image\/jpeg"}],"twitter_card":"summary_large_image","twitter_misc":{"Tempo estimado de leitura":"2 minutos"},"schema":{"@context":"https:\/\/schema.org","@graph":[{"@type":"WebPage","@id":"https:\/\/ourisland-azores.com\/pt-pt\/resolucao-de-litigios\/","url":"https:\/\/ourisland-azores.com\/pt-pt\/resolucao-de-litigios\/","name":"Resolu\u00e7\u00e3o de Lit\u00edgios - Our Island Azores","isPartOf":{"@id":"https:\/\/ourisland-azores.com\/#website"},"primaryImageOfPage":{"@id":"https:\/\/ourisland-azores.com\/pt-pt\/resolucao-de-litigios\/#primaryimage"},"image":{"@id":"https:\/\/ourisland-azores.com\/pt-pt\/resolucao-de-litigios\/#primaryimage"},"thumbnailUrl":"https:\/\/ourisland-azores.com\/wp-content\/uploads\/2019\/05\/FAQ.jpg","datePublished":"2019-04-08T10:20:46+00:00","dateModified":"2019-06-19T09:45:22+00:00","description":"De acordo com a Lei n\u00ba144\/2015, de 8 de Setembro, indicamos nesta p\u00e1gina a Listagem dos Centros de Arbitragem de Conflitos de Consumo","breadcrumb":{"@id":"https:\/\/ourisland-azores.com\/pt-pt\/resolucao-de-litigios\/#breadcrumb"},"inLanguage":"pt-PT","potentialAction":[{"@type":"ReadAction","target":["https:\/\/ourisland-azores.com\/pt-pt\/resolucao-de-litigios\/"]}]},{"@type":"ImageObject","inLanguage":"pt-PT","@id":"https:\/\/ourisland-azores.com\/pt-pt\/resolucao-de-litigios\/#primaryimage","url":"https:\/\/ourisland-azores.com\/wp-content\/uploads\/2019\/05\/FAQ.jpg","contentUrl":"https:\/\/ourisland-azores.com\/wp-content\/uploads\/2019\/05\/FAQ.jpg","width":1685,"height":790,"caption":"pico mountain"},{"@type":"BreadcrumbList","@id":"https:\/\/ourisland-azores.com\/pt-pt\/resolucao-de-litigios\/#breadcrumb","itemListElement":[{"@type":"ListItem","position":1,"name":"In\u00edcio","item":"https:\/\/ourisland-azores.com\/pt-pt\/"},{"@type":"ListItem","position":2,"name":"Resolu\u00e7\u00e3o de Lit\u00edgios"}]},{"@type":"WebSite","@id":"https:\/\/ourisland-azores.com\/#website","url":"https:\/\/ourisland-azores.com\/","name":"Our Island Azores","description":"","publisher":{"@id":"https:\/\/ourisland-azores.com\/#organization"},"potentialAction":[{"@type":"SearchAction","target":{"@type":"EntryPoint","urlTemplate":"https:\/\/ourisland-azores.com\/?s={search_term_string}"},"query-input":{"@type":"PropertyValueSpecification","valueRequired":true,"valueName":"search_term_string"}}],"inLanguage":"pt-PT"},{"@type":"Organization","@id":"https:\/\/ourisland-azores.com\/#organization","name":"Our Island Azores","url":"https:\/\/ourisland-azores.com\/","logo":{"@type":"ImageObject","inLanguage":"pt-PT","@id":"https:\/\/ourisland-azores.com\/#\/schema\/logo\/image\/","url":"https:\/\/ourisland-azores.com\/wp-content\/uploads\/2019\/05\/our-island-logo-horizontal.svg","contentUrl":"https:\/\/ourisland-azores.com\/wp-content\/uploads\/2019\/05\/our-island-logo-horizontal.svg","caption":"Our Island Azores"},"image":{"@id":"https:\/\/ourisland-azores.com\/#\/schema\/logo\/image\/"}}]}},"_links":{"self":[{"href":"https:\/\/ourisland-azores.com\/pt-pt\/wp-json\/wp\/v2\/pages\/949","targetHints":{"allow":["GET"]}}],"collection":[{"href":"https:\/\/ourisland-azores.com\/pt-pt\/wp-json\/wp\/v2\/pages"}],"about":[{"href":"https:\/\/ourisland-azores.com\/pt-pt\/wp-json\/wp\/v2\/types\/page"}],"author":[{"embeddable":true,"href":"https:\/\/ourisland-azores.com\/pt-pt\/wp-json\/wp\/v2\/users\/1"}],"replies":[{"embeddable":true,"href":"https:\/\/ourisland-azores.com\/pt-pt\/wp-json\/wp\/v2\/comments?post=949"}],"version-history":[{"count":0,"href":"https:\/\/ourisland-azores.com\/pt-pt\/wp-json\/wp\/v2\/pages\/949\/revisions"}],"wp:featuredmedia":[{"embeddable":true,"href":"https:\/\/ourisland-azores.com\/pt-pt\/wp-json\/wp\/v2\/media\/1417"}],"wp:attachment":[{"href":"https:\/\/ourisland-azores.com\/pt-pt\/wp-json\/wp\/v2\/media?parent=949"}],"curies":[{"name":"wp","href":"https:\/\/api.w.org\/{rel}","templated":true}]}}