{"id":1647,"date":"2019-02-18T12:46:26","date_gmt":"2019-02-18T12:46:26","guid":{"rendered":"https:\/\/ourisland-azores.com\/politica-de-privacidade\/"},"modified":"2019-06-21T14:19:39","modified_gmt":"2019-06-21T14:19:39","slug":"politica-de-privacidade","status":"publish","type":"page","link":"https:\/\/ourisland-azores.com\/pt-pt\/politica-de-privacidade\/","title":{"rendered":"Pol\u00edtica de privacidade"},"content":{"rendered":"<h2>Pol\u00edtica de privacidade<\/h2>\n<p><span style=\"color: #454545;\">Quando o utilizador acede \u00e0s p\u00e1ginas do site da Ourisland &#8211; Our island, Lda, est\u00e1 a aceitar os termos aqui expostos.<\/span><span style=\"color: #333333;\"><\/p>\n<p><\/span><span style=\"color: #454545;\">Todos os direitos de autor, copyright, marca registada e outros utilizados no presente site pertencem a Ourisland &#8211; Our island, Lda e est\u00e3o protegidos por direitos de autor. Todos os direitos que n\u00e3o sejam expressamente concedidos pelo presente conte\u00fado s\u00e3o direitos reservados.<\/span><span style=\"color: #333333;\"><\/p>\n<p><\/span><span style=\"color: #454545;\">O presente site \u00e9 para uso pessoal e n\u00e3o comercial do utilizador. \u00c9 proibida a c\u00f3pia, altera\u00e7\u00e3o, distribui\u00e7\u00e3o, transmiss\u00e3o, exibi\u00e7\u00e3o, reprodu\u00e7\u00e3o, publica\u00e7\u00e3o, transfer\u00eancia ou venda de quaisquer informa\u00e7\u00f5es, produtos ou servi\u00e7os obtidos atrav\u00e9s do presente site.<\/span><span style=\"color: #333333;\"><\/p>\n<p><\/span><span style=\"color: #454545;\">Em caso algum a Ourisland &#8211; Our island, Lda poder\u00e1 ser responsabilizada, direta ou indiretamente, por qualquer dano resultante ou de qualquer forma relacionado com o uso do presente site.<\/span><span style=\"color: #333333;\"><\/p>\n<p><\/span><span style=\"color: #454545;\">A Ourisland &#8211; Our island, Lda n\u00e3o garante que as suas p\u00e1ginas do site n\u00e3o ser\u00e3o interrompidas ou que n\u00e3o ter\u00e3o erros.<\/span><span style=\"color: #333333;\"><\/p>\n<p><\/span><span style=\"color: #454545;\">A Ourisland &#8211; Our island, Lda reserva-se ao direito de inserir, alterar e remover, sem aviso pr\u00e9vio, qualquer informa\u00e7\u00e3o presente no site. O utilizador \u00e9 respons\u00e1vel por rever o conte\u00fado sempre que consultar ou reservar servi\u00e7os atrav\u00e9s do mesmo. O uso continuado do site posteriormente a quaisquer altera\u00e7\u00f5es introduzidas pela Ourisland &#8211; Our island, Lda ser\u00e1 considerado como aceita\u00e7\u00e3o t\u00e1cita das mesmas.<\/span><span style=\"color: #333333;\"><\/p>\n<p><\/span><span style=\"color: #454545;\">Para facilitar a sua acessibilidade, a Ourisland &#8211; Our island, Lda pode incluir links para sites na Internet que sejam detidos ou operados por terceiros. Quando utilizar os links para esses sites de terceiros, dever\u00e1 rever e aceitar as regras desse site antes de o utilizar. Tamb\u00e9m dever\u00e1 aceitar que a Ourisland &#8211; Our island, Lda n\u00e3o controla o conte\u00fado desse site e n\u00e3o pode assumir qualquer responsabilidade pelos materiais criados ou publicados por esses sites de terceiros. Para al\u00e9m disso, um link para um site que n\u00e3o seja da Ourisland &#8211; Our island, Lda n\u00e3o significa que a Ourisland &#8211; Our island, Lda apoie o site ou os produtos e servi\u00e7os a\u00ed referenciados.<\/span><span style=\"color: #333333;\"><\/p>\n<p><\/span><span style=\"color: #454545;\">A recolha de dados de identifica\u00e7\u00e3o do utilizador poder\u00e1 ser efetuada via Internet (no pr\u00f3prio site ou e-mail), telefone ou outros e ser\u00e3o processados automaticamente, nos termos aprovados pela Comiss\u00e3o Nacional de Prote\u00e7\u00e3o de Dados. Toda a recolha de dados operar\u00e1 de acordo com as normais regras de seguran\u00e7a.<\/span><span style=\"color: #333333;\"><br \/>\n<\/span><span style=\"color: #454545;\">Nenhuma entidade externa \u00e0 Ourisland &#8211; Our island, Lda tem acesso ou pode consultar estes dados.<\/span><span style=\"color: #333333;\"><\/p>\n<p><\/span><span style=\"color: #454545;\">O utilizador, enquanto cliente inscrito num retreat ou tour, d\u00e1 expresso consentimento para que toda a informa\u00e7\u00e3o, incluindo dados pessoais, fornecida em rela\u00e7\u00e3o \u00e0 sua viagem possa ser transmitida a parceiros locais da Ourisland &#8211; Our island, Lda de modo a poder realizar o servi\u00e7o, incluindo gostos, prefer\u00eancias alimentares, informa\u00e7\u00f5es particulares de sa\u00fade ou outros.<\/span><span style=\"color: #333333;\"><\/p>\n<p><\/span><span style=\"color: #454545;\">Todos os dados recolhidos atrav\u00e9s dos formul\u00e1rios do site s\u00e3o inteiramente confidenciais e destinam-se \u00e0 gest\u00e3o de clientes e servi\u00e7os da Ourisland &#8211; Our island, Lda, bem como a ac\u00e7\u00f5es de marketing desta mesma empresa ou para informar os seus clientes de altera\u00e7\u00f5es de funcionalidades do site ou do funcionamento da empresa. Assim, todos os dados do seu registo s\u00e3o inteiramente confidenciais.<\/span><\/p>\n","protected":false},"excerpt":{"rendered":"<p>Pol\u00edtica de privacidade Quando o utilizador acede \u00e0s p\u00e1ginas do site da Ourisland &#8211; Our island, Lda, est\u00e1 a aceitar [&hellip;]<\/p>\n","protected":false},"author":1,"featured_media":881,"parent":0,"menu_order":0,"comment_status":"closed","ping_status":"closed","template":"template-textos.php","meta":{"_acf_changed":false,"footnotes":""},"class_list":["post-1647","page","type-page","status-publish","has-post-thumbnail","hentry"],"acf":[],"yoast_head":"<!-- This site is optimized with the Yoast SEO plugin v26.8 - https:\/\/yoast.com\/product\/yoast-seo-wordpress\/ -->\n<title>Pol\u00edtica de privacidade - Our Island Azores<\/title>\n<meta name=\"robots\" content=\"index, follow, max-snippet:-1, max-image-preview:large, max-video-preview:-1\" \/>\n<link rel=\"canonical\" href=\"https:\/\/ourisland-azores.com\/pt-pt\/politica-de-privacidade\/\" \/>\n<meta property=\"og:locale\" content=\"pt_PT\" \/>\n<meta property=\"og:type\" content=\"article\" \/>\n<meta property=\"og:title\" content=\"Pol\u00edtica de privacidade - Our Island Azores\" \/>\n<meta property=\"og:description\" content=\"Pol\u00edtica de privacidade Quando o utilizador acede \u00e0s p\u00e1ginas do site da Ourisland &#8211; Our island, Lda, est\u00e1 a aceitar [&hellip;]\" \/>\n<meta property=\"og:url\" content=\"https:\/\/ourisland-azores.com\/pt-pt\/politica-de-privacidade\/\" \/>\n<meta property=\"og:site_name\" content=\"Our Island Azores\" \/>\n<meta property=\"article:modified_time\" content=\"2019-06-21T14:19:39+00:00\" \/>\n<meta property=\"og:image\" content=\"https:\/\/ourisland-azores.com\/wp-content\/uploads\/2019\/06\/ourisland-azores-facebook.jpg\" \/>\n\t<meta property=\"og:image:width\" content=\"1200\" \/>\n\t<meta property=\"og:image:height\" content=\"630\" \/>\n\t<meta property=\"og:image:type\" content=\"image\/jpeg\" \/>\n<meta name=\"twitter:card\" content=\"summary_large_image\" \/>\n<meta name=\"twitter:label1\" content=\"Tempo estimado de leitura\" \/>\n\t<meta name=\"twitter:data1\" content=\"3 minutos\" \/>\n<script type=\"application\/ld+json\" class=\"yoast-schema-graph\">{\"@context\":\"https:\/\/schema.org\",\"@graph\":[{\"@type\":\"WebPage\",\"@id\":\"https:\/\/ourisland-azores.com\/pt-pt\/politica-de-privacidade\/\",\"url\":\"https:\/\/ourisland-azores.com\/pt-pt\/politica-de-privacidade\/\",\"name\":\"Pol\u00edtica de privacidade - Our Island Azores\",\"isPartOf\":{\"@id\":\"https:\/\/ourisland-azores.com\/#website\"},\"primaryImageOfPage\":{\"@id\":\"https:\/\/ourisland-azores.com\/pt-pt\/politica-de-privacidade\/#primaryimage\"},\"image\":{\"@id\":\"https:\/\/ourisland-azores.com\/pt-pt\/politica-de-privacidade\/#primaryimage\"},\"thumbnailUrl\":\"https:\/\/ourisland-azores.com\/wp-content\/uploads\/2019\/04\/fprivacy-policy-1.jpg\",\"datePublished\":\"2019-02-18T12:46:26+00:00\",\"dateModified\":\"2019-06-21T14:19:39+00:00\",\"breadcrumb\":{\"@id\":\"https:\/\/ourisland-azores.com\/pt-pt\/politica-de-privacidade\/#breadcrumb\"},\"inLanguage\":\"pt-PT\",\"potentialAction\":[{\"@type\":\"ReadAction\",\"target\":[\"https:\/\/ourisland-azores.com\/pt-pt\/politica-de-privacidade\/\"]}]},{\"@type\":\"ImageObject\",\"inLanguage\":\"pt-PT\",\"@id\":\"https:\/\/ourisland-azores.com\/pt-pt\/politica-de-privacidade\/#primaryimage\",\"url\":\"https:\/\/ourisland-azores.com\/wp-content\/uploads\/2019\/04\/fprivacy-policy-1.jpg\",\"contentUrl\":\"https:\/\/ourisland-azores.com\/wp-content\/uploads\/2019\/04\/fprivacy-policy-1.jpg\",\"width\":3000,\"height\":1406,\"caption\":\"big rocks in the sea\"},{\"@type\":\"BreadcrumbList\",\"@id\":\"https:\/\/ourisland-azores.com\/pt-pt\/politica-de-privacidade\/#breadcrumb\",\"itemListElement\":[{\"@type\":\"ListItem\",\"position\":1,\"name\":\"In\u00edcio\",\"item\":\"https:\/\/ourisland-azores.com\/pt-pt\/\"},{\"@type\":\"ListItem\",\"position\":2,\"name\":\"Pol\u00edtica de privacidade\"}]},{\"@type\":\"WebSite\",\"@id\":\"https:\/\/ourisland-azores.com\/#website\",\"url\":\"https:\/\/ourisland-azores.com\/\",\"name\":\"Our Island Azores\",\"description\":\"\",\"publisher\":{\"@id\":\"https:\/\/ourisland-azores.com\/#organization\"},\"potentialAction\":[{\"@type\":\"SearchAction\",\"target\":{\"@type\":\"EntryPoint\",\"urlTemplate\":\"https:\/\/ourisland-azores.com\/?s={search_term_string}\"},\"query-input\":{\"@type\":\"PropertyValueSpecification\",\"valueRequired\":true,\"valueName\":\"search_term_string\"}}],\"inLanguage\":\"pt-PT\"},{\"@type\":\"Organization\",\"@id\":\"https:\/\/ourisland-azores.com\/#organization\",\"name\":\"Our Island Azores\",\"url\":\"https:\/\/ourisland-azores.com\/\",\"logo\":{\"@type\":\"ImageObject\",\"inLanguage\":\"pt-PT\",\"@id\":\"https:\/\/ourisland-azores.com\/#\/schema\/logo\/image\/\",\"url\":\"https:\/\/ourisland-azores.com\/wp-content\/uploads\/2019\/05\/our-island-logo-horizontal.svg\",\"contentUrl\":\"https:\/\/ourisland-azores.com\/wp-content\/uploads\/2019\/05\/our-island-logo-horizontal.svg\",\"caption\":\"Our Island Azores\"},\"image\":{\"@id\":\"https:\/\/ourisland-azores.com\/#\/schema\/logo\/image\/\"}}]}<\/script>\n<!-- \/ Yoast SEO plugin. -->","yoast_head_json":{"title":"Pol\u00edtica de privacidade - Our Island Azores","robots":{"index":"index","follow":"follow","max-snippet":"max-snippet:-1","max-image-preview":"max-image-preview:large","max-video-preview":"max-video-preview:-1"},"canonical":"https:\/\/ourisland-azores.com\/pt-pt\/politica-de-privacidade\/","og_locale":"pt_PT","og_type":"article","og_title":"Pol\u00edtica de privacidade - Our Island Azores","og_description":"Pol\u00edtica de privacidade Quando o utilizador acede \u00e0s p\u00e1ginas do site da Ourisland &#8211; Our island, Lda, est\u00e1 a aceitar [&hellip;]","og_url":"https:\/\/ourisland-azores.com\/pt-pt\/politica-de-privacidade\/","og_site_name":"Our Island Azores","article_modified_time":"2019-06-21T14:19:39+00:00","og_image":[{"width":1200,"height":630,"url":"https:\/\/ourisland-azores.com\/wp-content\/uploads\/2019\/06\/ourisland-azores-facebook.jpg","type":"image\/jpeg"}],"twitter_card":"summary_large_image","twitter_misc":{"Tempo estimado de leitura":"3 minutos"},"schema":{"@context":"https:\/\/schema.org","@graph":[{"@type":"WebPage","@id":"https:\/\/ourisland-azores.com\/pt-pt\/politica-de-privacidade\/","url":"https:\/\/ourisland-azores.com\/pt-pt\/politica-de-privacidade\/","name":"Pol\u00edtica de privacidade - Our Island Azores","isPartOf":{"@id":"https:\/\/ourisland-azores.com\/#website"},"primaryImageOfPage":{"@id":"https:\/\/ourisland-azores.com\/pt-pt\/politica-de-privacidade\/#primaryimage"},"image":{"@id":"https:\/\/ourisland-azores.com\/pt-pt\/politica-de-privacidade\/#primaryimage"},"thumbnailUrl":"https:\/\/ourisland-azores.com\/wp-content\/uploads\/2019\/04\/fprivacy-policy-1.jpg","datePublished":"2019-02-18T12:46:26+00:00","dateModified":"2019-06-21T14:19:39+00:00","breadcrumb":{"@id":"https:\/\/ourisland-azores.com\/pt-pt\/politica-de-privacidade\/#breadcrumb"},"inLanguage":"pt-PT","potentialAction":[{"@type":"ReadAction","target":["https:\/\/ourisland-azores.com\/pt-pt\/politica-de-privacidade\/"]}]},{"@type":"ImageObject","inLanguage":"pt-PT","@id":"https:\/\/ourisland-azores.com\/pt-pt\/politica-de-privacidade\/#primaryimage","url":"https:\/\/ourisland-azores.com\/wp-content\/uploads\/2019\/04\/fprivacy-policy-1.jpg","contentUrl":"https:\/\/ourisland-azores.com\/wp-content\/uploads\/2019\/04\/fprivacy-policy-1.jpg","width":3000,"height":1406,"caption":"big rocks in the sea"},{"@type":"BreadcrumbList","@id":"https:\/\/ourisland-azores.com\/pt-pt\/politica-de-privacidade\/#breadcrumb","itemListElement":[{"@type":"ListItem","position":1,"name":"In\u00edcio","item":"https:\/\/ourisland-azores.com\/pt-pt\/"},{"@type":"ListItem","position":2,"name":"Pol\u00edtica de privacidade"}]},{"@type":"WebSite","@id":"https:\/\/ourisland-azores.com\/#website","url":"https:\/\/ourisland-azores.com\/","name":"Our Island Azores","description":"","publisher":{"@id":"https:\/\/ourisland-azores.com\/#organization"},"potentialAction":[{"@type":"SearchAction","target":{"@type":"EntryPoint","urlTemplate":"https:\/\/ourisland-azores.com\/?s={search_term_string}"},"query-input":{"@type":"PropertyValueSpecification","valueRequired":true,"valueName":"search_term_string"}}],"inLanguage":"pt-PT"},{"@type":"Organization","@id":"https:\/\/ourisland-azores.com\/#organization","name":"Our Island Azores","url":"https:\/\/ourisland-azores.com\/","logo":{"@type":"ImageObject","inLanguage":"pt-PT","@id":"https:\/\/ourisland-azores.com\/#\/schema\/logo\/image\/","url":"https:\/\/ourisland-azores.com\/wp-content\/uploads\/2019\/05\/our-island-logo-horizontal.svg","contentUrl":"https:\/\/ourisland-azores.com\/wp-content\/uploads\/2019\/05\/our-island-logo-horizontal.svg","caption":"Our Island Azores"},"image":{"@id":"https:\/\/ourisland-azores.com\/#\/schema\/logo\/image\/"}}]}},"_links":{"self":[{"href":"https:\/\/ourisland-azores.com\/pt-pt\/wp-json\/wp\/v2\/pages\/1647","targetHints":{"allow":["GET"]}}],"collection":[{"href":"https:\/\/ourisland-azores.com\/pt-pt\/wp-json\/wp\/v2\/pages"}],"about":[{"href":"https:\/\/ourisland-azores.com\/pt-pt\/wp-json\/wp\/v2\/types\/page"}],"author":[{"embeddable":true,"href":"https:\/\/ourisland-azores.com\/pt-pt\/wp-json\/wp\/v2\/users\/1"}],"replies":[{"embeddable":true,"href":"https:\/\/ourisland-azores.com\/pt-pt\/wp-json\/wp\/v2\/comments?post=1647"}],"version-history":[{"count":0,"href":"https:\/\/ourisland-azores.com\/pt-pt\/wp-json\/wp\/v2\/pages\/1647\/revisions"}],"wp:featuredmedia":[{"embeddable":true,"href":"https:\/\/ourisland-azores.com\/pt-pt\/wp-json\/wp\/v2\/media\/881"}],"wp:attachment":[{"href":"https:\/\/ourisland-azores.com\/pt-pt\/wp-json\/wp\/v2\/media?parent=1647"}],"curies":[{"name":"wp","href":"https:\/\/api.w.org\/{rel}","templated":true}]}}