{"id":1478,"date":"2019-05-30T08:01:37","date_gmt":"2019-05-30T08:01:37","guid":{"rendered":"https:\/\/ourisland-azores.com\/?page_id=1478"},"modified":"2019-06-21T14:23:50","modified_gmt":"2019-06-21T14:23:50","slug":"faq","status":"publish","type":"page","link":"https:\/\/ourisland-azores.com\/pt-pt\/faq\/","title":{"rendered":"FAQ"},"content":{"rendered":"\r\n<h2 class=\"wp-block-heading\">Reserva &amp; Pagamentos<\/h2>\r\n<p><\/p>\r\n<p><\/p>\r\n<h3 class=\"wp-block-heading\">Como funcionam as reservas?<\/h3>\r\n<p><\/p>\r\n<p><\/p>\r\n<p><\/p>\r\n<p><\/p>\r\n<p>Depois de preencher o formul\u00e1rio de reserva, iremos contacta-lo por e-mail. De seguida ter\u00e1 de fazer um dep\u00f3sito de 30% do valor total do tour ou programa, para garantir a sua reserva. S\u00f3 assim a reserva estar\u00e1 formalizada.<\/p>\r\n<p><\/p>\r\n<p><\/p>\r\n<h3>Qual \u00e9 a data limite do pagamento?<\/h3>\r\n<p><\/p>\r\n<p><\/p>\r\n<p>Para reservar tem de pagar o dep\u00f3sito de 30% o quanto antes, para garantir a reserva. Se se tratar de um programa, ter\u00e1 de pagar os 70% restantes at\u00e9 30 dias antes do in\u00edcio do mesmo; se for um tour de um dia, pode pagar os 70% restantes depois do tour.<\/p>\r\n<p><\/p>\r\n<p><\/p>\r\n<h3>O que acontece se eu desistir da minha viagem, depois de ter reservado?<\/h3>\r\n<p><\/p>\r\n<p><\/p>\r\n<p>O valor que pagou no ato da reserva (30% do valor total da viagem) apenas ser\u00e1 reembolsado se formos n\u00f3s a cancelar a actividade, por alguma raz\u00e3o de extrema necessidade; ou se for um tour cancelado devido ao cancelamento de um navio de cruzeiro.<\/p>\r\n<p><\/p>\r\n<p><\/p>\r\n<h3>O que acontece se eu desistir da minha viagem, depois de a ter pago na sua totalidade?<\/h3>\r\n<p><\/p>\r\n<p><\/p>\r\n<p>Devolveremos 70% do valor total da viagem, se cancelar at\u00e9 30 dias antes do programa ou tour.<\/p>\r\n<p><\/p>\r\n<p><\/p>\r\n<h3>Como posso efetuar o pagamento?<\/h3>\r\n<p><\/p>\r\n<p><\/p>\r\n<p>Poder\u00e1 efetuar o pagamento por transfer\u00eancia banc\u00e1ria, cart\u00e3o de cr\u00e9dito (pela Redunicre) ou por PAYPAL.<\/p>\r\n<p><\/p>\r\n<p><\/p>\r\n<h3>Com quanto tempo de anteced\u00eancia devo reservar a minha viagem?<\/h3>\r\n<p><\/p>\r\n<p><\/p>\r\n<p>Para conseguir melhores pre\u00e7os de viagens de avi\u00e3o e para garantir disponibilidade num dos nossos programas ou tours, aconselhamos que reserve com anteced\u00eancia. O ideal ser\u00e1 reservar pelo menos at\u00e9 3 meses antes.<\/p>\r\n<h3>Podem reservar a viagem de avi\u00e3o por mim?<\/h3>\r\n<p>N\u00e3o. No entanto, temos todo o gosto em ajuda-lo a encontrar a melhor solu\u00e7\u00e3o para chegar \u00e0 ilha do Faial.<\/p>\r\n<p><\/p>\r\n<p><\/p>\r\n<p><\/p>\r\n<h2>A\u00e7ores<\/h2>\r\n<p><\/p>\r\n<p><\/p>\r\n<h3>Que l\u00edngua se fala nos A\u00e7ores?<\/h3>\r\n<p><\/p>\r\n<p><\/p>\r\n<p>Fala-se Portugu\u00eas, j\u00e1 que o arquip\u00e9lago faz parte de Portugal. No entanto h\u00e1 uma grande pan\u00f3plia de sotaques a\u00e7orianos.<\/p>\r\n<p><\/p>\r\n<p><\/p>\r\n<h3>Como \u00e9\u00a0o\u00a0clima\u00a0nos A\u00e7ores?<\/h3>\r\n<p><\/p>\r\n<p><\/p>\r\n<p>O clima \u00e9 ameno, as temperaturas\u00a0m\u00e9dias no Inverno s\u00e3o de 13oC \/\u00a056oF e no Ver\u00e3o de 24oC\u00a0\/75oF. A temperatura m\u00e9dia da \u00e1gua do mar anda entre os 17oC \/ 63oF e os 23oC \/ 74oF,\u00a0sendomais quente no Ver\u00e3o. A humidade relativa do ar\u00a0em\u00a0m\u00e9dia \u00e9 de 75%, fazendo com que asensa\u00e7\u00e3o t\u00e9rmica no Ver\u00e3o ronde os 30oC \/ 86oF. Popularmente, o arquip\u00e9lago dos A\u00e7ores \u00e9conhecido por apresentar as quatro esta\u00e7\u00f5es num s\u00f3 dia;\u00a0o tempo\u00a0muda\u00a0muito\u00a0rapidamente,chegando a haver\u00a0dias de muito calor no Inverno e dias de chuva no Ver\u00e3o.<\/p>\r\n<p><\/p>\r\n<p><\/p>\r\n<h3>Que tipo de comida se come nos A\u00e7ores?<\/h3>\r\n<p><\/p>\r\n<p><\/p>\r\n<p>A gastronomia\u00a0a\u00e7oriana \u00e9 muito saborosa e cheia de tradi\u00e7\u00e3o. Vai encontrar tanto peixe frescogrelhado ou em caldeirada, como carne grelhada ou guisada. O marisco\u00a0tamb\u00e9m\u00a0faz parte dospetiscos\u00a0de c\u00e1. O queijo e o p\u00e3o regional fazem as del\u00edcias de qualquer um.<\/p>\r\n<p><\/p>\r\n<p><\/p>\r\n<h3>Se for vegetariano ou vegan, o que devo esperar da comida a\u00e7oriana?<\/h3>\r\n<p><\/p>\r\n<p><\/p>\r\n<p>A gastronomia a\u00e7oriana n\u00e3o se encaixa nas dietas vegetariana e vegan. Como tal, os restaurantes locais n\u00e3o est\u00e3o preparados para isso. No entanto, sempre que recebemos algu\u00e9m\u00a0vegetariano ou vegan, tentamos que os restaurantes apresentem\u00a0um\u00a0prato do seu agrado.<\/p>\r\n<p><\/p>\r\n<p><\/p>\r\n<h2>O meu programa com a Our island<\/h2>\r\n<p><\/p>\r\n<p><\/p>\r\n<h3>Onde \u00e9 o ponto de encontro?<\/h3>\r\n<p><\/p>\r\n<p><\/p>\r\n<p>No aeroporto da Horta, na Ilha do Faial, arquip\u00e9lago dos A\u00e7ores. Todos os nossos clientes ser\u00e3o\u00a0recebidos no aeroporto\u00a0por um\u00a0guia\u00a0Our island.<\/p>\r\n<p><\/p>\r\n<p><\/p>\r\n<h3>Quem me vai acompanhar durante ao meu programa?<\/h3>\r\n<p><\/p>\r\n<p><\/p>\r\n<p>Cada programa inclui um guia Our Island,\u00a0que o ir\u00e1 acompanhar durante toda a viagem e estar\u00e1 sempre dispon\u00edvel para qualquer situa\u00e7\u00e3o que aconte\u00e7a.<\/p>\r\n<h3>Com quantas pessoas vou partilhar a minha viagem?<\/h3>\r\n<p><\/p>\r\n<p><\/p>\r\n<p>Os nossos programas est\u00e3o pensados\u00a0para\u00a04 pessoas no m\u00ednimo e 7 pessoas no m\u00e1ximo. Os nossos programas s\u00e3o privados, o que significa que o Guia acompanhar\u00e1 apenas a si e o seu grupo. N\u00e3o juntamos pessoas para formar grupos.<\/p>\r\n<p><\/p>\r\n<p><\/p>\r\n<h3>Em que idioma vou falar durante o meu programa?<\/h3>\r\n<p><\/p>\r\n<p><\/p>\r\n<p>Os guias Our Island falam fluentemente Portugu\u00eas e Ingl\u00eas.\u00a0Tamb\u00e9m trabalhamos com um guia fluente em Alem\u00e3o.<\/p>\r\n<p><\/p>\r\n<p><\/p>\r\n<p><\/p>\r\n<p><\/p>\r\n<h3>Onde vou dormir?<\/h3>\r\n<p><\/p>\r\n<p><\/p>\r\n<p>Ir\u00e1 dormir em Alojamentos locais ou Apartamentos\/Casas,\u00a0em quartos duplos. O seu conforto \u00e9 muito importante para n\u00f3s e garantimos-lhe que n\u00e3o vai faltar. Se preferir, pode optar por um quarto individual num hotel, mediante um pre\u00e7o diferente.<\/p>\r\n<p><\/p>\r\n<p><\/p>\r\n<p><\/p>\r\n<p><\/p>\r\n<h3>As refei\u00e7\u00f5es est\u00e3o todas inclu\u00eddas durante a minha viagem?<\/h3>\r\n<p><\/p>\r\n<p><\/p>\r\n<p>N\u00e3o.\u00a0O n\u00famero de refei\u00e7\u00f5es inclu\u00eddas\u00a0ser\u00e1 apresentado em cada programa.<\/p>\r\n<p><\/p>\r\n<p><\/p>\r\n<h3>Que tipo de roupa\u00a0devo levar?<\/h3>\r\n<p><\/p>\r\n<p><\/p>\r\n<p>Deve\u00a0escolher roupa pr\u00e1tica e confort\u00e1vel. Para al\u00e9m disso, deve tomar em considera\u00e7\u00e3o a altura\u00a0do ano em que vai fazer a sua viagem e do programa que vai escolher. Uma coisa \u00e9 certa, sapatilhas boas para caminhadas\/trilhos, fato-de-banho e um imperme\u00e1vel v\u00e3o ser sempre necess\u00e1rios.<\/p>\r\n<p><\/p>\r\n<p><\/p>\r\n<h3>Em que transportes vou andar quando chegar a\u00ed?<\/h3>\r\n<p><\/p>\r\n<p><\/p>\r\n<p>Os transportes utilizados nos programas Our Island podem ser os seguintes:\u00a0t\u00e1xis, carros\/carrinhas ligeiros de passageiros e barco, atrav\u00e9s dos servi\u00e7os mar\u00edtimos de transporte de passageiros.<\/p>\r\n<p><\/p>\r\n<p><\/p>\r\n<p><\/p>\r\n<p><\/p>\r\n<h3>Qual \u00e9 o grau de dificuldade dos programas?<\/h3>\r\n<p><\/p>\r\n<p><\/p>\r\n<p>Varia de programa para programa.<br \/><strong>F\u00e9rias \u00e0 medida para fam\u00edlias e amigos:<\/strong> grau f\u00e1cil\/m\u00e9dio &#8211; depende do tipo de viagem que quiser;<br \/><strong>A Caminhar:<\/strong> grau dif\u00edcil (subida \u00e0 Montanha do Pico inclu\u00edda);<br \/><strong>Trail Running:<\/strong> grau muito dif\u00edcil;<br \/><strong>Bicicleta de Montanha:<\/strong> grau muito dif\u00edcil;<\/p>\r\n<p><\/p>\r\n<p><\/p>\r\n<h3>As atividades programadas podem ser alteradas devido \u00e0s condi\u00e7\u00f5es climat\u00e9ricas?<\/h3>\r\n<p><\/p>\r\n<p><\/p>\r\n<p>Sim. Por vezes os trilhos pedestres\/corridas\/ciclismo podem ser feitos com chuva e nevoeiro, mas caso as condi\u00e7\u00f5es meteorol\u00f3gicas sejam desfavor\u00e1veis ou desconfort\u00e1veis, os percursos podem ser alterados ou a atividade\u00a0em quest\u00e3o\u00a0pode ser substitu\u00edda por outra. O Guia ir\u00e1 decidir.<\/p>\r\n<h2>Day tours<\/h2>\r\n<p><\/p>\r\n<p><\/p>\r\n<h3>Qual \u00e9 o grau de dificuldade de cada tour?<\/h3>\r\n<p>Depende do tour que escolher. Em cada p\u00e1gina de cada tour pode encontrar essa informa\u00e7\u00e3o.<\/p>\r\n<h3>As atividades programadas podem ser alteradas devido \u00e0s condi\u00e7\u00f5es climat\u00e9ricas?<\/h3>\r\n<p><\/p>\r\n<p><\/p>\r\n<p>Sim, se as condi\u00e7\u00f5es meteorol\u00f3gicas forem desfavor\u00e1veis ou desconfort\u00e1veis. Neste caso a actividade em quest\u00e3o pode ser substitu\u00edda por uma similar. O Guia ir\u00e1 decidir.<\/p>\r\n<h3>Com quantas pessoas vou partilhar o meu tour?<\/h3>\r\n<p><\/p>\r\n<p><\/p>\r\n<p>Os nossos tours s\u00e3o privados, o que significa que o Guia acompanhar\u00e1 apenas a si e o seu grupo. N\u00e3o juntamos pessoas para formar grupos.<\/p>\r\n<p><\/p>","protected":false},"excerpt":{"rendered":"<p>Reserva &amp; Pagamentos Como funcionam as reservas? Depois de preencher o formul\u00e1rio de reserva, iremos contacta-lo por e-mail. De seguida [&hellip;]<\/p>\n","protected":false},"author":2,"featured_media":1419,"parent":0,"menu_order":0,"comment_status":"closed","ping_status":"closed","template":"template-textos.php","meta":{"_acf_changed":false,"footnotes":""},"class_list":["post-1478","page","type-page","status-publish","has-post-thumbnail","hentry"],"acf":[],"yoast_head":"<!-- This site is optimized with the Yoast SEO plugin v26.8 - https:\/\/yoast.com\/product\/yoast-seo-wordpress\/ -->\n<title>FAQ - Our Island Azores<\/title>\n<meta name=\"description\" content=\"FAQs sobre Reserva &amp; Pagamentos, A\u00e7ores, O meu programa com a Our island, Day tours, Como \u00e9\u00a0o\u00a0clima\u00a0nos A\u00e7ores? - Our Island Azores\" \/>\n<meta name=\"robots\" content=\"index, follow, max-snippet:-1, max-image-preview:large, max-video-preview:-1\" \/>\n<link rel=\"canonical\" href=\"https:\/\/ourisland-azores.com\/pt-pt\/faq\/\" \/>\n<meta property=\"og:locale\" content=\"pt_PT\" \/>\n<meta property=\"og:type\" content=\"article\" \/>\n<meta property=\"og:title\" content=\"FAQ - Our Island Azores\" \/>\n<meta property=\"og:description\" content=\"FAQs sobre Reserva &amp; Pagamentos, A\u00e7ores, O meu programa com a Our island, Day tours, Como \u00e9\u00a0o\u00a0clima\u00a0nos A\u00e7ores? - Our Island Azores\" \/>\n<meta property=\"og:url\" content=\"https:\/\/ourisland-azores.com\/pt-pt\/faq\/\" \/>\n<meta property=\"og:site_name\" content=\"Our Island Azores\" \/>\n<meta property=\"article:modified_time\" content=\"2019-06-21T14:23:50+00:00\" \/>\n<meta property=\"og:image\" content=\"https:\/\/ourisland-azores.com\/wp-content\/uploads\/2019\/06\/ourisland-azores-facebook.jpg\" \/>\n\t<meta property=\"og:image:width\" content=\"1200\" \/>\n\t<meta property=\"og:image:height\" content=\"630\" \/>\n\t<meta property=\"og:image:type\" content=\"image\/jpeg\" \/>\n<meta name=\"twitter:card\" content=\"summary_large_image\" \/>\n<meta name=\"twitter:label1\" content=\"Tempo estimado de leitura\" \/>\n\t<meta name=\"twitter:data1\" content=\"5 minutos\" \/>\n<script type=\"application\/ld+json\" class=\"yoast-schema-graph\">{\"@context\":\"https:\/\/schema.org\",\"@graph\":[{\"@type\":\"WebPage\",\"@id\":\"https:\/\/ourisland-azores.com\/pt-pt\/faq\/\",\"url\":\"https:\/\/ourisland-azores.com\/pt-pt\/faq\/\",\"name\":\"FAQ - Our Island Azores\",\"isPartOf\":{\"@id\":\"https:\/\/ourisland-azores.com\/#website\"},\"primaryImageOfPage\":{\"@id\":\"https:\/\/ourisland-azores.com\/pt-pt\/faq\/#primaryimage\"},\"image\":{\"@id\":\"https:\/\/ourisland-azores.com\/pt-pt\/faq\/#primaryimage\"},\"thumbnailUrl\":\"https:\/\/ourisland-azores.com\/wp-content\/uploads\/2019\/05\/settle.jpg\",\"datePublished\":\"2019-05-30T08:01:37+00:00\",\"dateModified\":\"2019-06-21T14:23:50+00:00\",\"description\":\"FAQs sobre Reserva & Pagamentos, A\u00e7ores, O meu programa com a Our island, Day tours, Como \u00e9\u00a0o\u00a0clima\u00a0nos A\u00e7ores? - Our Island Azores\",\"breadcrumb\":{\"@id\":\"https:\/\/ourisland-azores.com\/pt-pt\/faq\/#breadcrumb\"},\"inLanguage\":\"pt-PT\",\"potentialAction\":[{\"@type\":\"ReadAction\",\"target\":[\"https:\/\/ourisland-azores.com\/pt-pt\/faq\/\"]}]},{\"@type\":\"ImageObject\",\"inLanguage\":\"pt-PT\",\"@id\":\"https:\/\/ourisland-azores.com\/pt-pt\/faq\/#primaryimage\",\"url\":\"https:\/\/ourisland-azores.com\/wp-content\/uploads\/2019\/05\/settle.jpg\",\"contentUrl\":\"https:\/\/ourisland-azores.com\/wp-content\/uploads\/2019\/05\/settle.jpg\",\"width\":2206,\"height\":1034,\"caption\":\"lajes do pico\"},{\"@type\":\"BreadcrumbList\",\"@id\":\"https:\/\/ourisland-azores.com\/pt-pt\/faq\/#breadcrumb\",\"itemListElement\":[{\"@type\":\"ListItem\",\"position\":1,\"name\":\"In\u00edcio\",\"item\":\"https:\/\/ourisland-azores.com\/pt-pt\/\"},{\"@type\":\"ListItem\",\"position\":2,\"name\":\"FAQ\"}]},{\"@type\":\"WebSite\",\"@id\":\"https:\/\/ourisland-azores.com\/#website\",\"url\":\"https:\/\/ourisland-azores.com\/\",\"name\":\"Our Island Azores\",\"description\":\"\",\"publisher\":{\"@id\":\"https:\/\/ourisland-azores.com\/#organization\"},\"potentialAction\":[{\"@type\":\"SearchAction\",\"target\":{\"@type\":\"EntryPoint\",\"urlTemplate\":\"https:\/\/ourisland-azores.com\/?s={search_term_string}\"},\"query-input\":{\"@type\":\"PropertyValueSpecification\",\"valueRequired\":true,\"valueName\":\"search_term_string\"}}],\"inLanguage\":\"pt-PT\"},{\"@type\":\"Organization\",\"@id\":\"https:\/\/ourisland-azores.com\/#organization\",\"name\":\"Our Island Azores\",\"url\":\"https:\/\/ourisland-azores.com\/\",\"logo\":{\"@type\":\"ImageObject\",\"inLanguage\":\"pt-PT\",\"@id\":\"https:\/\/ourisland-azores.com\/#\/schema\/logo\/image\/\",\"url\":\"https:\/\/ourisland-azores.com\/wp-content\/uploads\/2019\/05\/our-island-logo-horizontal.svg\",\"contentUrl\":\"https:\/\/ourisland-azores.com\/wp-content\/uploads\/2019\/05\/our-island-logo-horizontal.svg\",\"caption\":\"Our Island Azores\"},\"image\":{\"@id\":\"https:\/\/ourisland-azores.com\/#\/schema\/logo\/image\/\"}}]}<\/script>\n<!-- \/ Yoast SEO plugin. -->","yoast_head_json":{"title":"FAQ - Our Island Azores","description":"FAQs sobre Reserva & Pagamentos, A\u00e7ores, O meu programa com a Our island, Day tours, Como \u00e9\u00a0o\u00a0clima\u00a0nos A\u00e7ores? - Our Island Azores","robots":{"index":"index","follow":"follow","max-snippet":"max-snippet:-1","max-image-preview":"max-image-preview:large","max-video-preview":"max-video-preview:-1"},"canonical":"https:\/\/ourisland-azores.com\/pt-pt\/faq\/","og_locale":"pt_PT","og_type":"article","og_title":"FAQ - Our Island Azores","og_description":"FAQs sobre Reserva & Pagamentos, A\u00e7ores, O meu programa com a Our island, Day tours, Como \u00e9\u00a0o\u00a0clima\u00a0nos A\u00e7ores? - Our Island Azores","og_url":"https:\/\/ourisland-azores.com\/pt-pt\/faq\/","og_site_name":"Our Island Azores","article_modified_time":"2019-06-21T14:23:50+00:00","og_image":[{"width":1200,"height":630,"url":"https:\/\/ourisland-azores.com\/wp-content\/uploads\/2019\/06\/ourisland-azores-facebook.jpg","type":"image\/jpeg"}],"twitter_card":"summary_large_image","twitter_misc":{"Tempo estimado de leitura":"5 minutos"},"schema":{"@context":"https:\/\/schema.org","@graph":[{"@type":"WebPage","@id":"https:\/\/ourisland-azores.com\/pt-pt\/faq\/","url":"https:\/\/ourisland-azores.com\/pt-pt\/faq\/","name":"FAQ - Our Island Azores","isPartOf":{"@id":"https:\/\/ourisland-azores.com\/#website"},"primaryImageOfPage":{"@id":"https:\/\/ourisland-azores.com\/pt-pt\/faq\/#primaryimage"},"image":{"@id":"https:\/\/ourisland-azores.com\/pt-pt\/faq\/#primaryimage"},"thumbnailUrl":"https:\/\/ourisland-azores.com\/wp-content\/uploads\/2019\/05\/settle.jpg","datePublished":"2019-05-30T08:01:37+00:00","dateModified":"2019-06-21T14:23:50+00:00","description":"FAQs sobre Reserva & Pagamentos, A\u00e7ores, O meu programa com a Our island, Day tours, Como \u00e9\u00a0o\u00a0clima\u00a0nos A\u00e7ores? - Our Island Azores","breadcrumb":{"@id":"https:\/\/ourisland-azores.com\/pt-pt\/faq\/#breadcrumb"},"inLanguage":"pt-PT","potentialAction":[{"@type":"ReadAction","target":["https:\/\/ourisland-azores.com\/pt-pt\/faq\/"]}]},{"@type":"ImageObject","inLanguage":"pt-PT","@id":"https:\/\/ourisland-azores.com\/pt-pt\/faq\/#primaryimage","url":"https:\/\/ourisland-azores.com\/wp-content\/uploads\/2019\/05\/settle.jpg","contentUrl":"https:\/\/ourisland-azores.com\/wp-content\/uploads\/2019\/05\/settle.jpg","width":2206,"height":1034,"caption":"lajes do pico"},{"@type":"BreadcrumbList","@id":"https:\/\/ourisland-azores.com\/pt-pt\/faq\/#breadcrumb","itemListElement":[{"@type":"ListItem","position":1,"name":"In\u00edcio","item":"https:\/\/ourisland-azores.com\/pt-pt\/"},{"@type":"ListItem","position":2,"name":"FAQ"}]},{"@type":"WebSite","@id":"https:\/\/ourisland-azores.com\/#website","url":"https:\/\/ourisland-azores.com\/","name":"Our Island Azores","description":"","publisher":{"@id":"https:\/\/ourisland-azores.com\/#organization"},"potentialAction":[{"@type":"SearchAction","target":{"@type":"EntryPoint","urlTemplate":"https:\/\/ourisland-azores.com\/?s={search_term_string}"},"query-input":{"@type":"PropertyValueSpecification","valueRequired":true,"valueName":"search_term_string"}}],"inLanguage":"pt-PT"},{"@type":"Organization","@id":"https:\/\/ourisland-azores.com\/#organization","name":"Our Island Azores","url":"https:\/\/ourisland-azores.com\/","logo":{"@type":"ImageObject","inLanguage":"pt-PT","@id":"https:\/\/ourisland-azores.com\/#\/schema\/logo\/image\/","url":"https:\/\/ourisland-azores.com\/wp-content\/uploads\/2019\/05\/our-island-logo-horizontal.svg","contentUrl":"https:\/\/ourisland-azores.com\/wp-content\/uploads\/2019\/05\/our-island-logo-horizontal.svg","caption":"Our Island Azores"},"image":{"@id":"https:\/\/ourisland-azores.com\/#\/schema\/logo\/image\/"}}]}},"_links":{"self":[{"href":"https:\/\/ourisland-azores.com\/pt-pt\/wp-json\/wp\/v2\/pages\/1478","targetHints":{"allow":["GET"]}}],"collection":[{"href":"https:\/\/ourisland-azores.com\/pt-pt\/wp-json\/wp\/v2\/pages"}],"about":[{"href":"https:\/\/ourisland-azores.com\/pt-pt\/wp-json\/wp\/v2\/types\/page"}],"author":[{"embeddable":true,"href":"https:\/\/ourisland-azores.com\/pt-pt\/wp-json\/wp\/v2\/users\/2"}],"replies":[{"embeddable":true,"href":"https:\/\/ourisland-azores.com\/pt-pt\/wp-json\/wp\/v2\/comments?post=1478"}],"version-history":[{"count":0,"href":"https:\/\/ourisland-azores.com\/pt-pt\/wp-json\/wp\/v2\/pages\/1478\/revisions"}],"wp:featuredmedia":[{"embeddable":true,"href":"https:\/\/ourisland-azores.com\/pt-pt\/wp-json\/wp\/v2\/media\/1419"}],"wp:attachment":[{"href":"https:\/\/ourisland-azores.com\/pt-pt\/wp-json\/wp\/v2\/media?parent=1478"}],"curies":[{"name":"wp","href":"https:\/\/api.w.org\/{rel}","templated":true}]}}